{"id":13,"date":"2022-06-09T12:21:00","date_gmt":"2022-06-09T10:21:00","guid":{"rendered":"https:\/\/medmelinda.com\/?page_id=13"},"modified":"2023-05-08T18:37:56","modified_gmt":"2023-05-08T16:37:56","slug":"rolam","status":"publish","type":"page","link":"https:\/\/medmelinda.com\/en\/rolam\/","title":{"rendered":"About me"},"content":{"rendered":"<div class=\"wp-block-group alignfull has-text-color has-background is-layout-constrained wp-container-core-group-is-layout-914a1b34 wp-block-group-is-layout-constrained\" style=\"color:#1d1e1e;background-color:#c6e7f500;padding-right:15%;padding-left:15%\">\n<div class=\"wp-block-columns alignwide is-layout-flex wp-container-core-columns-is-layout-1a9244c7 wp-block-columns-is-layout-flex\">\n<div class=\"wp-block-column is-layout-flow wp-block-column-is-layout-flow\" style=\"padding-right:80px;flex-basis:66.66%\">\n<h2 class=\"wp-block-heading has-text-color\" style=\"color:#993333;font-size:40px;font-style:normal;font-weight:400\"><strong>Melinda Medgyaszai<\/strong><\/h2>\n\n\n\n<h1 class=\"wp-block-heading has-text-color has-small-font-size\" style=\"color:#993333;font-style:italic;font-weight:200\">Psychotherapist, Cognitive Behavioral Therapist, Microbiologist<\/h1>\n<\/div>\n<\/div>\n\n\n\n<div class=\"wp-block-columns alignwide is-layout-flex wp-container-core-columns-is-layout-1a9244c7 wp-block-columns-is-layout-flex\">\n<div class=\"wp-block-column is-layout-flow wp-block-column-is-layout-flow\" style=\"padding-right:var(--wp--preset--spacing--50);flex-basis:50%\">\n<figure class=\"wp-block-image size-large has-custom-border is-style-rounded\"><img data-recalc-dims=\"1\" fetchpriority=\"high\" decoding=\"async\" width=\"1309\" height=\"1309\" data-attachment-id=\"1411\" data-permalink=\"https:\/\/medmelinda.com\/en\/p1588058_1x105x-2\/\" data-orig-file=\"https:\/\/i0.wp.com\/medmelinda.com\/wp-content\/uploads\/2023\/05\/P1588058_1x1%4005x-edited.jpg?fit=1309%2C1309&amp;ssl=1\" data-orig-size=\"1309,1309\" data-comments-opened=\"1\" data-image-meta=\"{&quot;aperture&quot;:&quot;0&quot;,&quot;credit&quot;:&quot;&quot;,&quot;camera&quot;:&quot;&quot;,&quot;caption&quot;:&quot;&quot;,&quot;created_timestamp&quot;:&quot;0&quot;,&quot;copyright&quot;:&quot;&quot;,&quot;focal_length&quot;:&quot;0&quot;,&quot;iso&quot;:&quot;0&quot;,&quot;shutter_speed&quot;:&quot;0&quot;,&quot;title&quot;:&quot;&quot;,&quot;orientation&quot;:&quot;0&quot;}\" data-image-title=\"P1588058_1x1@05x\" data-image-description=\"\" data-image-caption=\"\" data-medium-file=\"https:\/\/i0.wp.com\/medmelinda.com\/wp-content\/uploads\/2023\/05\/P1588058_1x1%4005x-edited.jpg?fit=300%2C300&amp;ssl=1\" data-large-file=\"https:\/\/i0.wp.com\/medmelinda.com\/wp-content\/uploads\/2023\/05\/P1588058_1x1%4005x-edited.jpg?fit=1024%2C1024&amp;ssl=1\" src=\"https:\/\/i0.wp.com\/medmelinda.com\/wp-content\/uploads\/2023\/05\/P1588058_1x1%4005x-edited.jpg?resize=1309%2C1309&#038;ssl=1\" alt=\"\" class=\"wp-image-1411\" style=\"border-radius:0px\" srcset=\"https:\/\/i0.wp.com\/medmelinda.com\/wp-content\/uploads\/2023\/05\/P1588058_1x1%4005x-edited.jpg?w=1309&amp;ssl=1 1309w, https:\/\/i0.wp.com\/medmelinda.com\/wp-content\/uploads\/2023\/05\/P1588058_1x1%4005x-edited.jpg?resize=300%2C300&amp;ssl=1 300w, https:\/\/i0.wp.com\/medmelinda.com\/wp-content\/uploads\/2023\/05\/P1588058_1x1%4005x-edited.jpg?resize=1024%2C1024&amp;ssl=1 1024w, https:\/\/i0.wp.com\/medmelinda.com\/wp-content\/uploads\/2023\/05\/P1588058_1x1%4005x-edited.jpg?resize=150%2C150&amp;ssl=1 150w, https:\/\/i0.wp.com\/medmelinda.com\/wp-content\/uploads\/2023\/05\/P1588058_1x1%4005x-edited.jpg?resize=768%2C768&amp;ssl=1 768w, https:\/\/i0.wp.com\/medmelinda.com\/wp-content\/uploads\/2023\/05\/P1588058_1x1%4005x-edited.jpg?resize=12%2C12&amp;ssl=1 12w, https:\/\/i0.wp.com\/medmelinda.com\/wp-content\/uploads\/2023\/05\/P1588058_1x1%4005x-edited.jpg?resize=1200%2C1200&amp;ssl=1 1200w, https:\/\/i0.wp.com\/medmelinda.com\/wp-content\/uploads\/2023\/05\/P1588058_1x1%4005x-edited.jpg?resize=800%2C800&amp;ssl=1 800w, https:\/\/i0.wp.com\/medmelinda.com\/wp-content\/uploads\/2023\/05\/P1588058_1x1%4005x-edited.jpg?resize=400%2C400&amp;ssl=1 400w, https:\/\/i0.wp.com\/medmelinda.com\/wp-content\/uploads\/2023\/05\/P1588058_1x1%4005x-edited.jpg?resize=200%2C200&amp;ssl=1 200w\" sizes=\"(max-width: 1000px) 100vw, 1000px\" \/><\/figure>\n\n\n\n<div class=\"wp-block-buttons is-vertical is-content-justification-center is-layout-flex wp-container-core-buttons-is-layout-685726fd wp-block-buttons-is-layout-flex\">\n<div class=\"wp-block-button has-custom-width wp-block-button__width-100 is-style-outline is-style-outline--1\"><a class=\"wp-block-button__link has-background-background-color has-text-color has-background wp-element-button\" href=\"\/en\/www.medmelinda.com\/cv\/\" style=\"border-radius:100px;color:#993333\"><strong>Curriculum Vitae<\/strong><\/a><\/div>\n<\/div>\n<\/div>\n\n\n\n<div class=\"wp-block-column is-layout-flow wp-block-column-is-layout-flow\" style=\"padding-left:0%;flex-basis:100%\">\n<p class=\"has-text-align-justify has-text-color wp-block-paragraph\" style=\"color:#993333\">I am Dr Melinda Medgyaszai, psychotherapist, cognitive behavioural therapist. My journey to get here was an interesting one.  I started a family at an early age. At that time, as a mother with young children, my choice of profession was influenced by the desire for a predictable, manageable, off-call, but at the same time engaging job that can be   built to a high standard quality. <\/p>\n\n\n\n<p class=\"has-text-align-justify has-text-color wp-block-paragraph\" style=\"color:#993333\">That is how I became a microbiologist. Then, when my path led me towards public health, and later to health organisation, I had no idea that in 2011, I would return to what I preferred as a mother of young children. However, after all those years of working with people, I was no longer satisfied with the world of microorganisms and had a long-standing desire to work with the human soul on a professional level. I returned to the classroom and, after theoretical and practical training, became a psychotherapist, more specifically a cognitive behavioural therapist.<\/p>\n\n\n\n<p class=\"has-text-align-justify has-text-color wp-block-paragraph\" style=\"color:#993333\">And why did I choose the cognitive psychotherapy approach?<\/p>\n\n\n\n<p class=\"has-text-align-justify has-text-color wp-block-paragraph\" style=\"color:#993333\">The Stoics have always been close to me, and I have often relied on them in difficult times. And the basis for cognitive therapies lies somewhere in ancient Stoic philosophy. As Epictetus said,<\/p>\n\n\n\n<figure class=\"wp-block-pullquote has-text-align-left has-text-color\" style=\"color:#993333;font-size:20px\"><blockquote><p>\"it is not events that disturb people, it is their judgements concerning them.\"<\/p><\/blockquote><\/figure>\n<\/div>\n<\/div>\n\n\n\n<div class=\"wp-block-columns alignwide is-layout-flex wp-container-core-columns-is-layout-1a9244c7 wp-block-columns-is-layout-flex\">\n<div class=\"wp-block-column is-layout-flow wp-block-column-is-layout-flow\" style=\"padding-left:0%;flex-basis:100%\">\n<p class=\"has-text-align-justify has-text-color wp-block-paragraph\" style=\"color:#993333\">Cognition is the thinking process involving perception, reasoning and remembering. Cognitive therapy sees the origin of our psychological problems in our thinking. We are born with a certain character into a certain environment - we adapt to it, and we continue to work with the patterns emerging from this adaptation for the rest of our lives. Unless - we go to therapy.<\/p>\n\n\n\n<p class=\"has-text-align-justify has-text-color wp-block-paragraph\" style=\"color:#993333\">At the same time, each person has a different world, a unique personality, an unrepeatable history. Therefore, the therapy also adapts. Although the basics are the same, the complementary methods, tools and emphases are different. In my opinion, a mutually defined, personalised, even eclectic therapy serves the patient's best interests.<\/p>\n\n\n\n<p class=\"has-text-align-justify has-text-color wp-block-paragraph\" style=\"color:#993333\">You may have noticed the website's phoenix logo, which is not an accidental choice. It depicts a recovery from cancer that I have experienced as a patient. I know what I have been through and what I have endured during this battle and with this experience I can genuinely offer mental support to my patients in similarly difficult situations.<\/p>\n\n\n\n<p class=\"has-text-align-justify has-text-color wp-block-paragraph\" style=\"color:#993333\">The epidemic of the coronavirus has shattered the lives of many people and families. Working through this period in online therapies, it became clear to me that the development and course of infections and the functioning of the immune system is an unknown area for most people, although its psychological implications and consequences are not negligible. As a microbiologist, I have been able to help many of my patients, in addition to psychotherapeutic tools, simply by interpreting their body's reactions, explaining the battle between pathogens and the human defence system, and exploring what can and should be done.<\/p>\n\n\n\n<p class=\"has-text-align-justify has-text-color wp-block-paragraph\" style=\"color:#993333\">Being born into the health care network - my mother and brother are both doctors - I have engaged with burnout basically since my childhood. Therefore, I also welcome colleagues from all areas of the service sectors who wish to help themselves and the people around them.<\/p>\n\n\n\n<div style=\"height:100px\" aria-hidden=\"true\" class=\"wp-block-spacer\"><\/div>\n<\/div>\n<\/div>\n<\/div>","protected":false},"excerpt":{"rendered":"<p>Medgyaszai Melinda pszichoterapeuta, kognit\u00edv viselked\u00e9sterapeuta, mikrobiol\u00f3gus Dr. Medgyaszai Melinda vagyok, pszichoterapeuta, kognit\u00edv viselked\u00e9sterapeuta. \u00c9rdekes \u00faton jutottam el ide. Kor\u00e1n alap\u00edtottam csal\u00e1dot. Akkoriban kisgyermekes anyak\u00e9nt szakmav\u00e1laszt\u00e1somat a bel\u00e1that\u00f3, bev\u00e9gezhet\u0151, \u00fcgyeletmentes, ugyanakkor magas sz\u00ednvonalon v\u00e9gezhet\u0151, \u00e9rdekes munka ir\u00e1nti ig\u00e9ny befoly\u00e1solta. \u00cdgy lettem mikrobiol\u00f3gus, majd amikor innen a tisztiorvoss\u00e1g, k\u00e9s\u0151bb az eg\u00e9szs\u00e9g\u00fcgyi szervez\u00e9s fel\u00e9 vitt az utam, m\u00e9g [&hellip;]<\/p>\n","protected":false},"author":222130552,"featured_media":0,"parent":0,"menu_order":0,"comment_status":"closed","ping_status":"closed","template":"","meta":{"_crdt_document":"","advanced_seo_description":"Kicsoda Medgyaszai Melinda","jetpack_seo_html_title":"","jetpack_seo_noindex":false,"jetpack_post_was_ever_published":false,"footnotes":""},"class_list":["post-13","page","type-page","status-publish","hentry"],"jetpack_likes_enabled":true,"jetpack_sharing_enabled":true,"jetpack_shortlink":"https:\/\/wp.me\/Pe1IU6-d","jetpack-related-posts":[],"_links":{"self":[{"href":"https:\/\/medmelinda.com\/en\/wp-json\/wp\/v2\/pages\/13","targetHints":{"allow":["GET"]}}],"collection":[{"href":"https:\/\/medmelinda.com\/en\/wp-json\/wp\/v2\/pages"}],"about":[{"href":"https:\/\/medmelinda.com\/en\/wp-json\/wp\/v2\/types\/page"}],"author":[{"embeddable":true,"href":"https:\/\/medmelinda.com\/en\/wp-json\/wp\/v2\/users\/222130552"}],"replies":[{"embeddable":true,"href":"https:\/\/medmelinda.com\/en\/wp-json\/wp\/v2\/comments?post=13"}],"version-history":[{"count":65,"href":"https:\/\/medmelinda.com\/en\/wp-json\/wp\/v2\/pages\/13\/revisions"}],"predecessor-version":[{"id":1412,"href":"https:\/\/medmelinda.com\/en\/wp-json\/wp\/v2\/pages\/13\/revisions\/1412"}],"wp:attachment":[{"href":"https:\/\/medmelinda.com\/en\/wp-json\/wp\/v2\/media?parent=13"}],"curies":[{"name":"wp","href":"https:\/\/api.w.org\/{rel}","templated":true}]}}